{"id":47,"date":"2020-05-10T15:26:09","date_gmt":"2020-05-10T15:26:09","guid":{"rendered":"https:\/\/www.manuelraposo.es\/?page_id=47"},"modified":"2022-12-13T13:31:42","modified_gmt":"2022-12-13T13:31:42","slug":"biografia","status":"publish","type":"page","link":"https:\/\/www.manuelraposo.es\/?page_id=47","title":{"rendered":"BIOGRAF\u00cdA"},"content":{"rendered":"\t\t<div data-elementor-type=\"wp-page\" data-elementor-id=\"47\" class=\"elementor elementor-47\" data-elementor-post-type=\"page\">\n\t\t\t\t\t\t\t\t\t<section class=\"elementor-section elementor-top-section elementor-element elementor-element-380cbc7 elementor-section-stretched elementor-section-full_width animated-slow elementor-section-height-default elementor-section-height-default elementor-invisible\" data-id=\"380cbc7\" data-element_type=\"section\" data-settings=\"{&quot;stretch_section&quot;:&quot;section-stretched&quot;,&quot;animation&quot;:&quot;fadeIn&quot;,&quot;animation_delay&quot;:1000,&quot;background_background&quot;:&quot;classic&quot;}\">\n\t\t\t\t\t\t<div class=\"elementor-container elementor-column-gap-default\">\n\t\t\t\t\t<div class=\"elementor-column elementor-col-100 elementor-top-column elementor-element elementor-element-def9d23\" data-id=\"def9d23\" data-element_type=\"column\" data-settings=\"{&quot;background_background&quot;:&quot;classic&quot;}\">\n\t\t\t<div class=\"elementor-widget-wrap elementor-element-populated\">\n\t\t\t\t\t\t\t\t<div class=\"elementor-element elementor-element-44a34c1 elementor--v-position-bottom animated-slow elementor--h-position-center elementor-invisible elementor-widget elementor-widget-slides\" data-id=\"44a34c1\" data-element_type=\"widget\" data-settings=\"{&quot;navigation&quot;:&quot;none&quot;,&quot;autoplay_speed&quot;:7500,&quot;transition&quot;:&quot;fade&quot;,&quot;transition_speed&quot;:2000,&quot;_animation&quot;:&quot;fadeIn&quot;,&quot;_animation_delay&quot;:2500,&quot;autoplay&quot;:&quot;yes&quot;,&quot;pause_on_hover&quot;:&quot;yes&quot;,&quot;pause_on_interaction&quot;:&quot;yes&quot;,&quot;infinite&quot;:&quot;yes&quot;}\" data-widget_type=\"slides.default\">\n\t\t\t\t<div class=\"elementor-widget-container\">\n\t\t\t\t\t<div class=\"elementor-swiper\">\n\t\t\t<div class=\"elementor-slides-wrapper elementor-main-swiper swiper-container\" dir=\"ltr\" data-animation=\"\">\n\t\t\t\t<div class=\"swiper-wrapper elementor-slides\">\n\t\t\t\t\t\t\t\t\t\t<div class=\"elementor-repeater-item-3a61a8c swiper-slide\"><div class=\"swiper-slide-bg\" role=\"img\"><\/div><div class=\"swiper-slide-inner\" ><div class=\"swiper-slide-contents\"><div class=\"elementor-slide-heading\">Pensaba...<\/div><div class=\"elementor-slide-description\">Pensaba que hacia lo que me daba la gana pero no es as\u00ed, noto que hago lo que me dicta la conciencia y el instinto art\u00edstico<\/div><\/div><\/div><\/div><div class=\"elementor-repeater-item-2b8c0c6 swiper-slide\"><div class=\"swiper-slide-bg\" role=\"img\"><\/div><div class=\"swiper-slide-inner\" ><div class=\"swiper-slide-contents\"><div class=\"elementor-slide-heading\">A mi...<\/div><div class=\"elementor-slide-description\">A mi no se me cae una figura de bel\u00e9n al suelo,\n\nes el suelo que se acerca a ella para verla mejor.<\/div><\/div><\/div><\/div><div class=\"elementor-repeater-item-48072ab swiper-slide\"><div class=\"swiper-slide-bg\" role=\"img\"><\/div><div class=\"swiper-slide-inner\" ><div class=\"swiper-slide-contents\"><div class=\"elementor-slide-heading\">El halago<\/div><div class=\"elementor-slide-description\">El halago, dicen, debilita,\nyo procuro humedecer el barro\npara que se hunda en \u00e9l.<\/div><\/div><\/div><\/div><div class=\"elementor-repeater-item-175190c swiper-slide\"><div class=\"swiper-slide-bg\" role=\"img\"><\/div><div class=\"swiper-slide-inner\" ><div class=\"swiper-slide-contents\"><div class=\"elementor-slide-heading\">La bohemia<\/div><div class=\"elementor-slide-description\">La bohemia me d\u00e1 libertad,<br>\nel arte me mantiene libre,<br>\nla bohemia es un estlio de vida,<br>\nel arte me d\u00e1 la vida.<\/div><\/div><\/div><\/div><div class=\"elementor-repeater-item-61b269f swiper-slide\"><div class=\"swiper-slide-bg\" role=\"img\"><\/div><div class=\"swiper-slide-inner\" ><div class=\"swiper-slide-contents\"><div class=\"elementor-slide-heading\">Da gusto<\/div><div class=\"elementor-slide-description\">Da gusto cuando viene alguien a mi taller y estamos de acuerdo al mirar y oir lo que nos cuenta una obra mia.<br>.....................................................................<br><br>Soy un privilegiado, la gente tanto a nivel art\u00edstico como humano no me deja pasar ni una, y eso me ayuda a crecer humana y art\u00edsticamente.<\/div><\/div><\/div><\/div><div class=\"elementor-repeater-item-c131dd5 swiper-slide\"><div class=\"swiper-slide-bg\" role=\"img\"><\/div><div class=\"swiper-slide-inner\" ><div class=\"swiper-slide-contents\"><div class=\"elementor-slide-heading\">Huellas<\/div><div class=\"elementor-slide-description\">Al acabar de modelar barro\nme lavo con sumo cuidado las manos\npara no borrar las huellas\ndel recuerdo.<br>.....................................................................<br><br>Tengo claro lo que hacer, pero hay que darle muchas caricias al barro para transmitir la idea que se encuentra en mi mente y poder hacerla visible en una pella de barro.<\/div><\/div><\/div><\/div>\t\t\t\t<\/div>\n\t\t\t\t\t\t\t\t\t\t\t\t\t\t\t\t\t\t\t\t\t<\/div>\n\t\t<\/div>\n\t\t\t\t<\/div>\n\t\t\t\t<\/div>\n\t\t\t\t\t<\/div>\n\t\t<\/div>\n\t\t\t\t\t\t\t<\/div>\n\t\t<\/section>\n\t\t\t\t<section class=\"elementor-section elementor-top-section elementor-element elementor-element-b7a47b6 animated-slow elementor-section-boxed elementor-section-height-default elementor-section-height-default elementor-invisible\" data-id=\"b7a47b6\" data-element_type=\"section\" data-settings=\"{&quot;animation&quot;:&quot;fadeInUp&quot;}\">\n\t\t\t\t\t\t<div class=\"elementor-container elementor-column-gap-default\">\n\t\t\t\t\t<div class=\"elementor-column elementor-col-100 elementor-top-column elementor-element elementor-element-b9df27e\" data-id=\"b9df27e\" data-element_type=\"column\">\n\t\t\t<div class=\"elementor-widget-wrap elementor-element-populated\">\n\t\t\t\t\t\t\t\t<div class=\"elementor-element elementor-element-33ebbcf elementor-widget elementor-widget-text-editor\" data-id=\"33ebbcf\" data-element_type=\"widget\" data-widget_type=\"text-editor.default\">\n\t\t\t\t<div class=\"elementor-widget-container\">\n\t\t\t\t\t\t\t<p>Manuel S\u00e1nchez Raposo, artista polifac\u00e9tico de ra\u00edces andaluzas pasa gran parte de sus d\u00edas entre palillos, con los que da forma a sus esculturas, pinceles y paletas de colores.<\/p><p>No resulta complicado verlo pasear por las calles de San Fernando(C\u00e1diz), ciudad en la que habita, con andar relajado. Tan solo con observarlo detenerse cada pocos metros en su caminar, e intuir la manera en la que interpreta los detalles que se cruzan en su traves\u00eda, es toda una lecci\u00f3n para comprender que el arte no se encuentra en las manos del genio, sino en su manera de sentir aquello que le rodea.<\/p><p>San Fernando, ciudad sitiada entre playas, bah\u00eda y salinas, una fuerte impronta a brisa y sal y una gran memoria art\u00edstica, principalmente en el mundo del flamenco y el toreo, marcan en peque\u00f1as dosis una influencia\u00a0 que se plasma en cada una de sus obras. Manuel, apenas es un ni\u00f1o cuando muestra su atracci\u00f3n hacia el mundo art\u00edstico, comienza con la pintura, dedicando sus primeros a\u00f1os a familiarizarse con la t\u00e9cnica del retrato, ademas de plasmar otros temas en sus pinturas como paisajes naturales, motivos cofrades e inspiraci\u00f3n taurina. Ya en su madurez art\u00edstica, despu\u00e9s de un largo aprendizaje totalmente autodidacta, a trav\u00e9s de diversas t\u00e9cnicas y estilos en la pintura, encuentra la forma de vida que deseaba, Dejando todo para dedicarse de manera profesional a su pasi\u00f3n, el arte.<\/p>\t\t\t\t\t\t<\/div>\n\t\t\t\t<\/div>\n\t\t\t\t\t<\/div>\n\t\t<\/div>\n\t\t\t\t\t\t\t<\/div>\n\t\t<\/section>\n\t\t\t\t<section class=\"elementor-section elementor-top-section elementor-element elementor-element-0ecccd3 elementor-section-full_width elementor-section-height-default elementor-section-height-default\" data-id=\"0ecccd3\" data-element_type=\"section\" data-settings=\"{&quot;background_background&quot;:&quot;classic&quot;}\">\n\t\t\t\t\t\t<div class=\"elementor-container elementor-column-gap-default\">\n\t\t\t\t\t<div class=\"elementor-column elementor-col-100 elementor-top-column elementor-element elementor-element-96385b1\" data-id=\"96385b1\" data-element_type=\"column\">\n\t\t\t<div class=\"elementor-widget-wrap elementor-element-populated\">\n\t\t\t\t\t\t\t\t<div class=\"elementor-element elementor-element-f175d3c elementor-hidden-desktop elementor-hidden-tablet elementor-widget elementor-widget-image\" data-id=\"f175d3c\" data-element_type=\"widget\" data-widget_type=\"image.default\">\n\t\t\t\t<div class=\"elementor-widget-container\">\n\t\t\t\t\t\t\t\t\t\t\t\t\t\t\t<img width=\"1181\" height=\"797\" src=\"https:\/\/www.manuelraposo.es\/wp-content\/uploads\/2022\/12\/Escultura-Reyes-de-oriente.jpeg\" class=\"attachment-full size-full wp-image-1043\" alt=\"\" srcset=\"https:\/\/www.manuelraposo.es\/wp-content\/uploads\/2022\/12\/Escultura-Reyes-de-oriente.jpeg 1181w, https:\/\/www.manuelraposo.es\/wp-content\/uploads\/2022\/12\/Escultura-Reyes-de-oriente-300x202.jpeg 300w, https:\/\/www.manuelraposo.es\/wp-content\/uploads\/2022\/12\/Escultura-Reyes-de-oriente-1024x691.jpeg 1024w, https:\/\/www.manuelraposo.es\/wp-content\/uploads\/2022\/12\/Escultura-Reyes-de-oriente-768x518.jpeg 768w\" sizes=\"(max-width: 1181px) 100vw, 1181px\" \/>\t\t\t\t\t\t\t\t\t\t\t\t\t\t\t<\/div>\n\t\t\t\t<\/div>\n\t\t\t\t\t<\/div>\n\t\t<\/div>\n\t\t\t\t\t\t\t<\/div>\n\t\t<\/section>\n\t\t\t\t<section class=\"elementor-section elementor-top-section elementor-element elementor-element-50f0234 elementor-section-boxed elementor-section-height-default elementor-section-height-default\" data-id=\"50f0234\" data-element_type=\"section\">\n\t\t\t\t\t\t<div class=\"elementor-container elementor-column-gap-default\">\n\t\t\t\t\t<div class=\"elementor-column elementor-col-50 elementor-top-column elementor-element elementor-element-1f0fd56\" data-id=\"1f0fd56\" data-element_type=\"column\">\n\t\t\t<div class=\"elementor-widget-wrap elementor-element-populated\">\n\t\t\t\t\t\t\t\t<div class=\"elementor-element elementor-element-8b8784c animated-slow elementor-invisible elementor-widget elementor-widget-text-editor\" data-id=\"8b8784c\" data-element_type=\"widget\" data-settings=\"{&quot;_animation&quot;:&quot;fadeInUp&quot;}\" data-widget_type=\"text-editor.default\">\n\t\t\t\t<div class=\"elementor-widget-container\">\n\t\t\t\t\t\t\t<p>Su ambici\u00f3n art\u00edstica le empuja en un constante crecimiento, e inicia una nueva aventura con el barro, hasta el punto que a d\u00eda de hoy es reconocido como un enorme modelador de figuras de bel\u00e9n en barro, las cuales se reparten por todo el mundo, es esta \u00faltima la acci\u00f3n que m\u00e1s tiempo le ocupa en los \u00faltimos a\u00f1os, habiendo salido de sus manos infinidad de esculturas, tanto de bel\u00e9n, como bustos o figuras y caricaturas de multitud de personajes reconocidos.<\/p><p>Sus obras siguen un canon muy personal, quedando reflejadas las sensaciones y experiencias vividas por el propio artista.<\/p>\t\t\t\t\t\t<\/div>\n\t\t\t\t<\/div>\n\t\t\t\t\t<\/div>\n\t\t<\/div>\n\t\t\t\t<div class=\"elementor-column elementor-col-50 elementor-top-column elementor-element elementor-element-a70f028\" data-id=\"a70f028\" data-element_type=\"column\">\n\t\t\t<div class=\"elementor-widget-wrap elementor-element-populated\">\n\t\t\t\t\t\t\t\t<div class=\"elementor-element elementor-element-f15aefb elementor-hidden-mobile elementor-widget elementor-widget-image\" data-id=\"f15aefb\" data-element_type=\"widget\" data-widget_type=\"image.default\">\n\t\t\t\t<div class=\"elementor-widget-container\">\n\t\t\t\t\t\t\t\t\t\t\t\t\t\t\t\t<a href=\"https:\/\/www.manuelraposo.es\/wp-content\/uploads\/2022\/12\/Escultura-Reyes-de-oriente.jpeg\" data-elementor-open-lightbox=\"yes\" data-elementor-lightbox-title=\"Escultura Reyes de oriente\" data-e-action-hash=\"#elementor-action%3Aaction%3Dlightbox%26settings%3DeyJpZCI6MTA0MywidXJsIjoiaHR0cHM6XC9cL3d3dy5tYW51ZWxyYXBvc28uZXNcL3dwLWNvbnRlbnRcL3VwbG9hZHNcLzIwMjJcLzEyXC9Fc2N1bHR1cmEtUmV5ZXMtZGUtb3JpZW50ZS5qcGVnIn0%3D\">\n\t\t\t\t\t\t\t<img width=\"1024\" height=\"691\" src=\"https:\/\/www.manuelraposo.es\/wp-content\/uploads\/2022\/12\/Escultura-Reyes-de-oriente-1024x691.jpeg\" class=\"attachment-large size-large wp-image-1043\" alt=\"\" srcset=\"https:\/\/www.manuelraposo.es\/wp-content\/uploads\/2022\/12\/Escultura-Reyes-de-oriente-1024x691.jpeg 1024w, https:\/\/www.manuelraposo.es\/wp-content\/uploads\/2022\/12\/Escultura-Reyes-de-oriente-300x202.jpeg 300w, https:\/\/www.manuelraposo.es\/wp-content\/uploads\/2022\/12\/Escultura-Reyes-de-oriente-768x518.jpeg 768w, https:\/\/www.manuelraposo.es\/wp-content\/uploads\/2022\/12\/Escultura-Reyes-de-oriente.jpeg 1181w\" sizes=\"(max-width: 1024px) 100vw, 1024px\" \/>\t\t\t\t\t\t\t\t<\/a>\n\t\t\t\t\t\t\t\t\t\t\t\t\t\t\t<\/div>\n\t\t\t\t<\/div>\n\t\t\t\t\t<\/div>\n\t\t<\/div>\n\t\t\t\t\t\t\t<\/div>\n\t\t<\/section>\n\t\t\t\t\t\t\t<\/div>\n\t\t","protected":false},"excerpt":{"rendered":"<p>Pensaba&#8230;Pensaba que hacia lo que me daba la gana pero no es as\u00ed, noto que hago lo que me dicta la conciencia y el instinto art\u00edsticoA mi&#8230;A mi no se me cae una figura de bel\u00e9n al suelo, es el suelo que se acerca a ella para verla mejor.El halagoEl halago, dicen, debilita, yo procuro &hellip;<\/p>\n<p class=\"read-more\"> <a class=\"\" href=\"https:\/\/www.manuelraposo.es\/?page_id=47\"> <span class=\"screen-reader-text\">BIOGRAF\u00cdA<\/span> Leer m\u00e1s &raquo;<\/a><\/p>\n","protected":false},"author":1,"featured_media":0,"parent":0,"menu_order":0,"comment_status":"closed","ping_status":"closed","template":"elementor_header_footer","meta":{"site-sidebar-layout":"default","site-content-layout":"default","ast-site-content-layout":"","site-content-style":"default","site-sidebar-style":"default","ast-global-header-display":"","ast-banner-title-visibility":"","ast-main-header-display":"","ast-hfb-above-header-display":"","ast-hfb-below-header-display":"","ast-hfb-mobile-header-display":"","site-post-title":"","ast-breadcrumbs-content":"","ast-featured-img":"","footer-sml-layout":"","theme-transparent-header-meta":"default","adv-header-id-meta":"","stick-header-meta":"","header-above-stick-meta":"","header-main-stick-meta":"","header-below-stick-meta":"","astra-migrate-meta-layouts":"","ast-page-background-enabled":"default","ast-page-background-meta":{"desktop":{"background-color":"","background-image":"","background-repeat":"repeat","background-position":"center center","background-size":"auto","background-attachment":"scroll","background-type":"","background-media":"","overlay-type":"","overlay-color":"","overlay-gradient":""},"tablet":{"background-color":"","background-image":"","background-repeat":"repeat","background-position":"center center","background-size":"auto","background-attachment":"scroll","background-type":"","background-media":"","overlay-type":"","overlay-color":"","overlay-gradient":""},"mobile":{"background-color":"","background-image":"","background-repeat":"repeat","background-position":"center center","background-size":"auto","background-attachment":"scroll","background-type":"","background-media":"","overlay-type":"","overlay-color":"","overlay-gradient":""}},"ast-content-background-meta":{"desktop":{"background-color":"var(--ast-global-color-5)","background-image":"","background-repeat":"repeat","background-position":"center center","background-size":"auto","background-attachment":"scroll","background-type":"","background-media":"","overlay-type":"","overlay-color":"","overlay-gradient":""},"tablet":{"background-color":"var(--ast-global-color-5)","background-image":"","background-repeat":"repeat","background-position":"center center","background-size":"auto","background-attachment":"scroll","background-type":"","background-media":"","overlay-type":"","overlay-color":"","overlay-gradient":""},"mobile":{"background-color":"var(--ast-global-color-5)","background-image":"","background-repeat":"repeat","background-position":"center center","background-size":"auto","background-attachment":"scroll","background-type":"","background-media":"","overlay-type":"","overlay-color":"","overlay-gradient":""}}},"yoast_head":"<!-- This site is optimized with the Yoast SEO plugin v20.6 - https:\/\/yoast.com\/wordpress\/plugins\/seo\/ -->\n<title>BIOGRAF\u00cdA - Manuel Raposo<\/title>\n<meta name=\"robots\" content=\"index, follow, max-snippet:-1, max-image-preview:large, max-video-preview:-1\" \/>\n<link rel=\"canonical\" href=\"https:\/\/www.manuelraposo.es\/?page_id=47\" \/>\n<meta property=\"og:locale\" content=\"es_ES\" \/>\n<meta property=\"og:type\" content=\"article\" \/>\n<meta property=\"og:title\" content=\"BIOGRAF\u00cdA - Manuel Raposo\" \/>\n<meta property=\"og:description\" content=\"Pensaba&#8230;Pensaba que hacia lo que me daba la gana pero no es as\u00ed, noto que hago lo que me dicta la conciencia y el instinto art\u00edsticoA mi&#8230;A mi no se me cae una figura de bel\u00e9n al suelo, es el suelo que se acerca a ella para verla mejor.El halagoEl halago, dicen, debilita, yo procuro &hellip; BIOGRAF\u00cdA Leer m\u00e1s &raquo;\" \/>\n<meta property=\"og:url\" content=\"https:\/\/www.manuelraposo.es\/?page_id=47\" \/>\n<meta property=\"og:site_name\" content=\"Manuel Raposo\" \/>\n<meta property=\"article:modified_time\" content=\"2022-12-13T13:31:42+00:00\" \/>\n<meta property=\"og:image\" content=\"https:\/\/www.manuelraposo.es\/wp-content\/uploads\/2022\/12\/Escultura-Reyes-de-oriente.jpeg\" \/>\n<meta name=\"twitter:card\" content=\"summary_large_image\" \/>\n<meta name=\"twitter:label1\" content=\"Tiempo de lectura\" \/>\n\t<meta name=\"twitter:data1\" content=\"5 minutos\" \/>\n<script type=\"application\/ld+json\" class=\"yoast-schema-graph\">{\"@context\":\"https:\/\/schema.org\",\"@graph\":[{\"@type\":\"WebPage\",\"@id\":\"https:\/\/www.manuelraposo.es\/?page_id=47\",\"url\":\"https:\/\/www.manuelraposo.es\/?page_id=47\",\"name\":\"BIOGRAF\u00cdA - Manuel Raposo\",\"isPartOf\":{\"@id\":\"https:\/\/www.manuelraposo.es\/#website\"},\"datePublished\":\"2020-05-10T15:26:09+00:00\",\"dateModified\":\"2022-12-13T13:31:42+00:00\",\"breadcrumb\":{\"@id\":\"https:\/\/www.manuelraposo.es\/?page_id=47#breadcrumb\"},\"inLanguage\":\"es\",\"potentialAction\":[{\"@type\":\"ReadAction\",\"target\":[\"https:\/\/www.manuelraposo.es\/?page_id=47\"]}]},{\"@type\":\"BreadcrumbList\",\"@id\":\"https:\/\/www.manuelraposo.es\/?page_id=47#breadcrumb\",\"itemListElement\":[{\"@type\":\"ListItem\",\"position\":1,\"name\":\"Portada\",\"item\":\"https:\/\/www.manuelraposo.es\/\"},{\"@type\":\"ListItem\",\"position\":2,\"name\":\"BIOGRAF\u00cdA\"}]},{\"@type\":\"WebSite\",\"@id\":\"https:\/\/www.manuelraposo.es\/#website\",\"url\":\"https:\/\/www.manuelraposo.es\/\",\"name\":\"Manuel Raposo\",\"description\":\"Crear no es dif&iacute;cil, lo complejo es controlar las emociones\",\"publisher\":{\"@id\":\"https:\/\/www.manuelraposo.es\/#organization\"},\"potentialAction\":[{\"@type\":\"SearchAction\",\"target\":{\"@type\":\"EntryPoint\",\"urlTemplate\":\"https:\/\/www.manuelraposo.es\/?s={search_term_string}\"},\"query-input\":\"required name=search_term_string\"}],\"inLanguage\":\"es\"},{\"@type\":\"Organization\",\"@id\":\"https:\/\/www.manuelraposo.es\/#organization\",\"name\":\"Manuel Raposo\",\"url\":\"https:\/\/www.manuelraposo.es\/\",\"logo\":{\"@type\":\"ImageObject\",\"inLanguage\":\"es\",\"@id\":\"https:\/\/www.manuelraposo.es\/#\/schema\/logo\/image\/\",\"url\":\"https:\/\/www.manuelraposo.es\/wp-content\/uploads\/2020\/05\/Titulo-portada-5.png\",\"contentUrl\":\"https:\/\/www.manuelraposo.es\/wp-content\/uploads\/2020\/05\/Titulo-portada-5.png\",\"width\":3508,\"height\":1259,\"caption\":\"Manuel Raposo\"},\"image\":{\"@id\":\"https:\/\/www.manuelraposo.es\/#\/schema\/logo\/image\/\"}}]}<\/script>\n<!-- \/ Yoast SEO plugin. -->","yoast_head_json":{"title":"BIOGRAF\u00cdA - Manuel Raposo","robots":{"index":"index","follow":"follow","max-snippet":"max-snippet:-1","max-image-preview":"max-image-preview:large","max-video-preview":"max-video-preview:-1"},"canonical":"https:\/\/www.manuelraposo.es\/?page_id=47","og_locale":"es_ES","og_type":"article","og_title":"BIOGRAF\u00cdA - Manuel Raposo","og_description":"Pensaba&#8230;Pensaba que hacia lo que me daba la gana pero no es as\u00ed, noto que hago lo que me dicta la conciencia y el instinto art\u00edsticoA mi&#8230;A mi no se me cae una figura de bel\u00e9n al suelo, es el suelo que se acerca a ella para verla mejor.El halagoEl halago, dicen, debilita, yo procuro &hellip; BIOGRAF\u00cdA Leer m\u00e1s &raquo;","og_url":"https:\/\/www.manuelraposo.es\/?page_id=47","og_site_name":"Manuel Raposo","article_modified_time":"2022-12-13T13:31:42+00:00","og_image":[{"url":"https:\/\/www.manuelraposo.es\/wp-content\/uploads\/2022\/12\/Escultura-Reyes-de-oriente.jpeg"}],"twitter_card":"summary_large_image","twitter_misc":{"Tiempo de lectura":"5 minutos"},"schema":{"@context":"https:\/\/schema.org","@graph":[{"@type":"WebPage","@id":"https:\/\/www.manuelraposo.es\/?page_id=47","url":"https:\/\/www.manuelraposo.es\/?page_id=47","name":"BIOGRAF\u00cdA - Manuel Raposo","isPartOf":{"@id":"https:\/\/www.manuelraposo.es\/#website"},"datePublished":"2020-05-10T15:26:09+00:00","dateModified":"2022-12-13T13:31:42+00:00","breadcrumb":{"@id":"https:\/\/www.manuelraposo.es\/?page_id=47#breadcrumb"},"inLanguage":"es","potentialAction":[{"@type":"ReadAction","target":["https:\/\/www.manuelraposo.es\/?page_id=47"]}]},{"@type":"BreadcrumbList","@id":"https:\/\/www.manuelraposo.es\/?page_id=47#breadcrumb","itemListElement":[{"@type":"ListItem","position":1,"name":"Portada","item":"https:\/\/www.manuelraposo.es\/"},{"@type":"ListItem","position":2,"name":"BIOGRAF\u00cdA"}]},{"@type":"WebSite","@id":"https:\/\/www.manuelraposo.es\/#website","url":"https:\/\/www.manuelraposo.es\/","name":"Manuel Raposo","description":"Crear no es dif&iacute;cil, lo complejo es controlar las emociones","publisher":{"@id":"https:\/\/www.manuelraposo.es\/#organization"},"potentialAction":[{"@type":"SearchAction","target":{"@type":"EntryPoint","urlTemplate":"https:\/\/www.manuelraposo.es\/?s={search_term_string}"},"query-input":"required name=search_term_string"}],"inLanguage":"es"},{"@type":"Organization","@id":"https:\/\/www.manuelraposo.es\/#organization","name":"Manuel Raposo","url":"https:\/\/www.manuelraposo.es\/","logo":{"@type":"ImageObject","inLanguage":"es","@id":"https:\/\/www.manuelraposo.es\/#\/schema\/logo\/image\/","url":"https:\/\/www.manuelraposo.es\/wp-content\/uploads\/2020\/05\/Titulo-portada-5.png","contentUrl":"https:\/\/www.manuelraposo.es\/wp-content\/uploads\/2020\/05\/Titulo-portada-5.png","width":3508,"height":1259,"caption":"Manuel Raposo"},"image":{"@id":"https:\/\/www.manuelraposo.es\/#\/schema\/logo\/image\/"}}]}},"_links":{"self":[{"href":"https:\/\/www.manuelraposo.es\/index.php?rest_route=\/wp\/v2\/pages\/47"}],"collection":[{"href":"https:\/\/www.manuelraposo.es\/index.php?rest_route=\/wp\/v2\/pages"}],"about":[{"href":"https:\/\/www.manuelraposo.es\/index.php?rest_route=\/wp\/v2\/types\/page"}],"author":[{"embeddable":true,"href":"https:\/\/www.manuelraposo.es\/index.php?rest_route=\/wp\/v2\/users\/1"}],"replies":[{"embeddable":true,"href":"https:\/\/www.manuelraposo.es\/index.php?rest_route=%2Fwp%2Fv2%2Fcomments&post=47"}],"version-history":[{"count":131,"href":"https:\/\/www.manuelraposo.es\/index.php?rest_route=\/wp\/v2\/pages\/47\/revisions"}],"predecessor-version":[{"id":1103,"href":"https:\/\/www.manuelraposo.es\/index.php?rest_route=\/wp\/v2\/pages\/47\/revisions\/1103"}],"wp:attachment":[{"href":"https:\/\/www.manuelraposo.es\/index.php?rest_route=%2Fwp%2Fv2%2Fmedia&parent=47"}],"curies":[{"name":"wp","href":"https:\/\/api.w.org\/{rel}","templated":true}]}}