{"id":60,"date":"2020-05-10T15:28:50","date_gmt":"2020-05-10T15:28:50","guid":{"rendered":"https:\/\/www.manuelraposo.es\/?page_id=60"},"modified":"2022-12-14T13:31:53","modified_gmt":"2022-12-14T13:31:53","slug":"taller","status":"publish","type":"page","link":"https:\/\/www.manuelraposo.es\/?page_id=60","title":{"rendered":"TALLER"},"content":{"rendered":"\t\t<div data-elementor-type=\"wp-page\" data-elementor-id=\"60\" class=\"elementor elementor-60\" data-elementor-post-type=\"page\">\n\t\t\t\t\t\t\t\t\t<section class=\"elementor-section elementor-top-section elementor-element elementor-element-6f187b9 elementor-section-stretched elementor-section-boxed elementor-section-height-default elementor-section-height-default\" data-id=\"6f187b9\" data-element_type=\"section\" data-settings=\"{&quot;stretch_section&quot;:&quot;section-stretched&quot;}\">\n\t\t\t\t\t\t<div class=\"elementor-container elementor-column-gap-default\">\n\t\t\t\t\t<div class=\"elementor-column elementor-col-50 elementor-top-column elementor-element elementor-element-6e200fb\" data-id=\"6e200fb\" data-element_type=\"column\">\n\t\t\t<div class=\"elementor-widget-wrap elementor-element-populated\">\n\t\t\t\t\t\t\t\t<div class=\"elementor-element elementor-element-a829387 elementor-hidden-desktop elementor-hidden-tablet elementor-widget elementor-widget-image\" data-id=\"a829387\" data-element_type=\"widget\" data-widget_type=\"image.default\">\n\t\t\t\t<div class=\"elementor-widget-container\">\n\t\t\t\t\t\t\t\t\t\t\t\t\t\t\t\t<a href=\"https:\/\/www.manuelraposo.es\/wp-content\/uploads\/2022\/12\/Contemplando-a-Tim-Burton.jpeg\" data-elementor-open-lightbox=\"yes\" data-elementor-lightbox-title=\"Contemplando a Tim Burton\" data-e-action-hash=\"#elementor-action%3Aaction%3Dlightbox%26settings%3DeyJpZCI6OTY3LCJ1cmwiOiJodHRwczpcL1wvd3d3Lm1hbnVlbHJhcG9zby5lc1wvd3AtY29udGVudFwvdXBsb2Fkc1wvMjAyMlwvMTJcL0NvbnRlbXBsYW5kby1hLVRpbS1CdXJ0b24uanBlZyJ9\">\n\t\t\t\t\t\t\t<img width=\"1024\" height=\"691\" src=\"https:\/\/www.manuelraposo.es\/wp-content\/uploads\/2022\/12\/Contemplando-a-Tim-Burton-1024x691.jpeg\" class=\"attachment-large size-large wp-image-967\" alt=\"\" srcset=\"https:\/\/www.manuelraposo.es\/wp-content\/uploads\/2022\/12\/Contemplando-a-Tim-Burton-1024x691.jpeg 1024w, https:\/\/www.manuelraposo.es\/wp-content\/uploads\/2022\/12\/Contemplando-a-Tim-Burton-300x202.jpeg 300w, https:\/\/www.manuelraposo.es\/wp-content\/uploads\/2022\/12\/Contemplando-a-Tim-Burton-768x518.jpeg 768w, https:\/\/www.manuelraposo.es\/wp-content\/uploads\/2022\/12\/Contemplando-a-Tim-Burton.jpeg 1181w\" sizes=\"(max-width: 1024px) 100vw, 1024px\" \/>\t\t\t\t\t\t\t\t<\/a>\n\t\t\t\t\t\t\t\t\t\t\t\t\t\t\t<\/div>\n\t\t\t\t<\/div>\n\t\t\t\t<div class=\"elementor-element elementor-element-dcbce10 elementor-widget elementor-widget-text-editor\" data-id=\"dcbce10\" data-element_type=\"widget\" data-widget_type=\"text-editor.default\">\n\t\t\t\t<div class=\"elementor-widget-container\">\n\t\t\t\t\t\t\t<p><span style=\"font-size: 10.0pt;\">Su taller est\u00e1 situado en la c\/Almirante Cervera, 15 de San Fernando (C\u00e1diz), donde en la actualidad la creaci\u00f3n de las figuras de bel\u00e9n ocupan la mayor parte de su tiempo, saliendo de sus manos figuras exclusivas hechas a palillo y por encargo, cuidando al m\u00e1ximo los detalles y dot\u00e1ndolas de gran expresividad y movimiento.<\/span><\/p>\n<p><span style=\"font-size: 10.0pt;\">Adem\u00e1s, en este mismo emplazamiento lleva a cabo pinturas a menudo inspiradas por paisajes o personajes singulares<\/span><\/p>\t\t\t\t\t\t<\/div>\n\t\t\t\t<\/div>\n\t\t\t\t<div class=\"elementor-element elementor-element-e7b0d85 elementor-hidden-mobile elementor-widget elementor-widget-image\" data-id=\"e7b0d85\" data-element_type=\"widget\" data-widget_type=\"image.default\">\n\t\t\t\t<div class=\"elementor-widget-container\">\n\t\t\t\t\t\t\t\t\t\t\t\t\t\t\t\t<a href=\"https:\/\/www.manuelraposo.es\/wp-content\/uploads\/2022\/12\/Contemplando-a-Tim-Burton.jpeg\" data-elementor-open-lightbox=\"yes\" data-elementor-lightbox-title=\"Contemplando a Tim Burton\" data-e-action-hash=\"#elementor-action%3Aaction%3Dlightbox%26settings%3DeyJpZCI6OTY3LCJ1cmwiOiJodHRwczpcL1wvd3d3Lm1hbnVlbHJhcG9zby5lc1wvd3AtY29udGVudFwvdXBsb2Fkc1wvMjAyMlwvMTJcL0NvbnRlbXBsYW5kby1hLVRpbS1CdXJ0b24uanBlZyJ9\">\n\t\t\t\t\t\t\t<img width=\"1024\" height=\"691\" src=\"https:\/\/www.manuelraposo.es\/wp-content\/uploads\/2022\/12\/Contemplando-a-Tim-Burton-1024x691.jpeg\" class=\"attachment-large size-large wp-image-967\" alt=\"\" srcset=\"https:\/\/www.manuelraposo.es\/wp-content\/uploads\/2022\/12\/Contemplando-a-Tim-Burton-1024x691.jpeg 1024w, https:\/\/www.manuelraposo.es\/wp-content\/uploads\/2022\/12\/Contemplando-a-Tim-Burton-300x202.jpeg 300w, https:\/\/www.manuelraposo.es\/wp-content\/uploads\/2022\/12\/Contemplando-a-Tim-Burton-768x518.jpeg 768w, https:\/\/www.manuelraposo.es\/wp-content\/uploads\/2022\/12\/Contemplando-a-Tim-Burton.jpeg 1181w\" sizes=\"(max-width: 1024px) 100vw, 1024px\" \/>\t\t\t\t\t\t\t\t<\/a>\n\t\t\t\t\t\t\t\t\t\t\t\t\t\t\t<\/div>\n\t\t\t\t<\/div>\n\t\t\t\t\t<\/div>\n\t\t<\/div>\n\t\t\t\t<div class=\"elementor-column elementor-col-50 elementor-top-column elementor-element elementor-element-a526705\" data-id=\"a526705\" data-element_type=\"column\">\n\t\t\t<div class=\"elementor-widget-wrap elementor-element-populated\">\n\t\t\t\t\t\t\t\t<div class=\"elementor-element elementor-element-033270a elementor-widget elementor-widget-image\" data-id=\"033270a\" data-element_type=\"widget\" data-widget_type=\"image.default\">\n\t\t\t\t<div class=\"elementor-widget-container\">\n\t\t\t\t\t\t\t\t\t\t\t\t\t\t\t\t<a href=\"https:\/\/www.manuelraposo.es\/wp-content\/uploads\/2022\/12\/Escultor-Belenista-1.jpeg\" data-elementor-open-lightbox=\"yes\" data-elementor-lightbox-title=\"Escultor Belenista\" data-e-action-hash=\"#elementor-action%3Aaction%3Dlightbox%26settings%3DeyJpZCI6MTAxOSwidXJsIjoiaHR0cHM6XC9cL3d3dy5tYW51ZWxyYXBvc28uZXNcL3dwLWNvbnRlbnRcL3VwbG9hZHNcLzIwMjJcLzEyXC9Fc2N1bHRvci1CZWxlbmlzdGEtMS5qcGVnIn0%3D\">\n\t\t\t\t\t\t\t<img width=\"691\" height=\"1024\" src=\"https:\/\/www.manuelraposo.es\/wp-content\/uploads\/2022\/12\/Escultor-Belenista-1-691x1024.jpeg\" class=\"attachment-large size-large wp-image-1019\" alt=\"\" srcset=\"https:\/\/www.manuelraposo.es\/wp-content\/uploads\/2022\/12\/Escultor-Belenista-1-691x1024.jpeg 691w, https:\/\/www.manuelraposo.es\/wp-content\/uploads\/2022\/12\/Escultor-Belenista-1-202x300.jpeg 202w, https:\/\/www.manuelraposo.es\/wp-content\/uploads\/2022\/12\/Escultor-Belenista-1-768x1138.jpeg 768w, https:\/\/www.manuelraposo.es\/wp-content\/uploads\/2022\/12\/Escultor-Belenista-1.jpeg 797w\" sizes=\"(max-width: 691px) 100vw, 691px\" \/>\t\t\t\t\t\t\t\t<\/a>\n\t\t\t\t\t\t\t\t\t\t\t\t\t\t\t<\/div>\n\t\t\t\t<\/div>\n\t\t\t\t\t<\/div>\n\t\t<\/div>\n\t\t\t\t\t\t\t<\/div>\n\t\t<\/section>\n\t\t\t\t<section class=\"elementor-section elementor-top-section elementor-element elementor-element-03e0484 elementor-section-full_width elementor-section-height-default elementor-section-height-default\" data-id=\"03e0484\" data-element_type=\"section\">\n\t\t\t\t\t\t<div class=\"elementor-container elementor-column-gap-default\">\n\t\t\t\t\t<div class=\"elementor-column elementor-col-100 elementor-top-column elementor-element elementor-element-a623119\" data-id=\"a623119\" data-element_type=\"column\">\n\t\t\t<div class=\"elementor-widget-wrap elementor-element-populated\">\n\t\t\t\t\t\t\t\t<div class=\"elementor-element elementor-element-935b267 elementor-widget elementor-widget-google_maps\" data-id=\"935b267\" data-element_type=\"widget\" data-widget_type=\"google_maps.default\">\n\t\t\t\t<div class=\"elementor-widget-container\">\n\t\t\t\t\t<div class=\"elementor-custom-embed\">\n\t\t\t<iframe loading=\"lazy\"\n\t\t\t\t\tsrc=\"https:\/\/maps.google.com\/maps?q=calle%20almirante%20cervera%2015&#038;t=m&#038;z=18&#038;output=embed&#038;iwloc=near\"\n\t\t\t\t\ttitle=\"calle almirante cervera 15\"\n\t\t\t\t\taria-label=\"calle almirante cervera 15\"\n\t\t\t><\/iframe>\n\t\t<\/div>\n\t\t\t\t<\/div>\n\t\t\t\t<\/div>\n\t\t\t\t\t<\/div>\n\t\t<\/div>\n\t\t\t\t\t\t\t<\/div>\n\t\t<\/section>\n\t\t\t\t\t\t\t<\/div>\n\t\t","protected":false},"excerpt":{"rendered":"<p>Su taller est\u00e1 situado en la c\/Almirante Cervera, 15 de San Fernando (C\u00e1diz), donde en la actualidad la creaci\u00f3n de las figuras de bel\u00e9n ocupan la mayor parte de su tiempo, saliendo de sus manos figuras exclusivas hechas a palillo y por encargo, cuidando al m\u00e1ximo los detalles y dot\u00e1ndolas de gran expresividad y movimiento. &hellip;<\/p>\n<p class=\"read-more\"> <a class=\"\" href=\"https:\/\/www.manuelraposo.es\/?page_id=60\"> <span class=\"screen-reader-text\">TALLER<\/span> Leer m\u00e1s &raquo;<\/a><\/p>\n","protected":false},"author":1,"featured_media":0,"parent":0,"menu_order":0,"comment_status":"closed","ping_status":"closed","template":"elementor_header_footer","meta":{"site-sidebar-layout":"default","site-content-layout":"default","ast-site-content-layout":"","site-content-style":"default","site-sidebar-style":"default","ast-global-header-display":"","ast-banner-title-visibility":"","ast-main-header-display":"","ast-hfb-above-header-display":"","ast-hfb-below-header-display":"","ast-hfb-mobile-header-display":"","site-post-title":"","ast-breadcrumbs-content":"","ast-featured-img":"","footer-sml-layout":"","theme-transparent-header-meta":"default","adv-header-id-meta":"","stick-header-meta":"","header-above-stick-meta":"","header-main-stick-meta":"","header-below-stick-meta":"","astra-migrate-meta-layouts":"","ast-page-background-enabled":"default","ast-page-background-meta":{"desktop":{"background-color":"","background-image":"","background-repeat":"repeat","background-position":"center center","background-size":"auto","background-attachment":"scroll","background-type":"","background-media":"","overlay-type":"","overlay-color":"","overlay-gradient":""},"tablet":{"background-color":"","background-image":"","background-repeat":"repeat","background-position":"center center","background-size":"auto","background-attachment":"scroll","background-type":"","background-media":"","overlay-type":"","overlay-color":"","overlay-gradient":""},"mobile":{"background-color":"","background-image":"","background-repeat":"repeat","background-position":"center center","background-size":"auto","background-attachment":"scroll","background-type":"","background-media":"","overlay-type":"","overlay-color":"","overlay-gradient":""}},"ast-content-background-meta":{"desktop":{"background-color":"var(--ast-global-color-5)","background-image":"","background-repeat":"repeat","background-position":"center center","background-size":"auto","background-attachment":"scroll","background-type":"","background-media":"","overlay-type":"","overlay-color":"","overlay-gradient":""},"tablet":{"background-color":"var(--ast-global-color-5)","background-image":"","background-repeat":"repeat","background-position":"center center","background-size":"auto","background-attachment":"scroll","background-type":"","background-media":"","overlay-type":"","overlay-color":"","overlay-gradient":""},"mobile":{"background-color":"var(--ast-global-color-5)","background-image":"","background-repeat":"repeat","background-position":"center center","background-size":"auto","background-attachment":"scroll","background-type":"","background-media":"","overlay-type":"","overlay-color":"","overlay-gradient":""}}},"yoast_head":"<!-- This site is optimized with the Yoast SEO plugin v20.6 - https:\/\/yoast.com\/wordpress\/plugins\/seo\/ -->\n<title>TALLER - Manuel Raposo<\/title>\n<meta name=\"robots\" content=\"index, follow, max-snippet:-1, max-image-preview:large, max-video-preview:-1\" \/>\n<link rel=\"canonical\" href=\"https:\/\/www.manuelraposo.es\/?page_id=60\" \/>\n<meta property=\"og:locale\" content=\"es_ES\" \/>\n<meta property=\"og:type\" content=\"article\" \/>\n<meta property=\"og:title\" content=\"TALLER - Manuel Raposo\" \/>\n<meta property=\"og:description\" content=\"Su taller est\u00e1 situado en la c\/Almirante Cervera, 15 de San Fernando (C\u00e1diz), donde en la actualidad la creaci\u00f3n de las figuras de bel\u00e9n ocupan la mayor parte de su tiempo, saliendo de sus manos figuras exclusivas hechas a palillo y por encargo, cuidando al m\u00e1ximo los detalles y dot\u00e1ndolas de gran expresividad y movimiento. &hellip; TALLER Leer m\u00e1s &raquo;\" \/>\n<meta property=\"og:url\" content=\"https:\/\/www.manuelraposo.es\/?page_id=60\" \/>\n<meta property=\"og:site_name\" content=\"Manuel Raposo\" \/>\n<meta property=\"article:modified_time\" content=\"2022-12-14T13:31:53+00:00\" \/>\n<meta property=\"og:image\" content=\"https:\/\/www.manuelraposo.es\/wp-content\/uploads\/2022\/12\/Contemplando-a-Tim-Burton-1024x691.jpeg\" \/>\n<meta name=\"twitter:card\" content=\"summary_large_image\" \/>\n<meta name=\"twitter:label1\" content=\"Tiempo de lectura\" \/>\n\t<meta name=\"twitter:data1\" content=\"1 minuto\" \/>\n<script type=\"application\/ld+json\" class=\"yoast-schema-graph\">{\"@context\":\"https:\/\/schema.org\",\"@graph\":[{\"@type\":\"WebPage\",\"@id\":\"https:\/\/www.manuelraposo.es\/?page_id=60\",\"url\":\"https:\/\/www.manuelraposo.es\/?page_id=60\",\"name\":\"TALLER - Manuel Raposo\",\"isPartOf\":{\"@id\":\"https:\/\/www.manuelraposo.es\/#website\"},\"datePublished\":\"2020-05-10T15:28:50+00:00\",\"dateModified\":\"2022-12-14T13:31:53+00:00\",\"breadcrumb\":{\"@id\":\"https:\/\/www.manuelraposo.es\/?page_id=60#breadcrumb\"},\"inLanguage\":\"es\",\"potentialAction\":[{\"@type\":\"ReadAction\",\"target\":[\"https:\/\/www.manuelraposo.es\/?page_id=60\"]}]},{\"@type\":\"BreadcrumbList\",\"@id\":\"https:\/\/www.manuelraposo.es\/?page_id=60#breadcrumb\",\"itemListElement\":[{\"@type\":\"ListItem\",\"position\":1,\"name\":\"Portada\",\"item\":\"https:\/\/www.manuelraposo.es\/\"},{\"@type\":\"ListItem\",\"position\":2,\"name\":\"TALLER\"}]},{\"@type\":\"WebSite\",\"@id\":\"https:\/\/www.manuelraposo.es\/#website\",\"url\":\"https:\/\/www.manuelraposo.es\/\",\"name\":\"Manuel Raposo\",\"description\":\"Crear no es dif&iacute;cil, lo complejo es controlar las emociones\",\"publisher\":{\"@id\":\"https:\/\/www.manuelraposo.es\/#organization\"},\"potentialAction\":[{\"@type\":\"SearchAction\",\"target\":{\"@type\":\"EntryPoint\",\"urlTemplate\":\"https:\/\/www.manuelraposo.es\/?s={search_term_string}\"},\"query-input\":\"required name=search_term_string\"}],\"inLanguage\":\"es\"},{\"@type\":\"Organization\",\"@id\":\"https:\/\/www.manuelraposo.es\/#organization\",\"name\":\"Manuel Raposo\",\"url\":\"https:\/\/www.manuelraposo.es\/\",\"logo\":{\"@type\":\"ImageObject\",\"inLanguage\":\"es\",\"@id\":\"https:\/\/www.manuelraposo.es\/#\/schema\/logo\/image\/\",\"url\":\"https:\/\/www.manuelraposo.es\/wp-content\/uploads\/2020\/05\/Titulo-portada-5.png\",\"contentUrl\":\"https:\/\/www.manuelraposo.es\/wp-content\/uploads\/2020\/05\/Titulo-portada-5.png\",\"width\":3508,\"height\":1259,\"caption\":\"Manuel Raposo\"},\"image\":{\"@id\":\"https:\/\/www.manuelraposo.es\/#\/schema\/logo\/image\/\"}}]}<\/script>\n<!-- \/ Yoast SEO plugin. -->","yoast_head_json":{"title":"TALLER - Manuel Raposo","robots":{"index":"index","follow":"follow","max-snippet":"max-snippet:-1","max-image-preview":"max-image-preview:large","max-video-preview":"max-video-preview:-1"},"canonical":"https:\/\/www.manuelraposo.es\/?page_id=60","og_locale":"es_ES","og_type":"article","og_title":"TALLER - Manuel Raposo","og_description":"Su taller est\u00e1 situado en la c\/Almirante Cervera, 15 de San Fernando (C\u00e1diz), donde en la actualidad la creaci\u00f3n de las figuras de bel\u00e9n ocupan la mayor parte de su tiempo, saliendo de sus manos figuras exclusivas hechas a palillo y por encargo, cuidando al m\u00e1ximo los detalles y dot\u00e1ndolas de gran expresividad y movimiento. &hellip; TALLER Leer m\u00e1s &raquo;","og_url":"https:\/\/www.manuelraposo.es\/?page_id=60","og_site_name":"Manuel Raposo","article_modified_time":"2022-12-14T13:31:53+00:00","og_image":[{"url":"https:\/\/www.manuelraposo.es\/wp-content\/uploads\/2022\/12\/Contemplando-a-Tim-Burton-1024x691.jpeg"}],"twitter_card":"summary_large_image","twitter_misc":{"Tiempo de lectura":"1 minuto"},"schema":{"@context":"https:\/\/schema.org","@graph":[{"@type":"WebPage","@id":"https:\/\/www.manuelraposo.es\/?page_id=60","url":"https:\/\/www.manuelraposo.es\/?page_id=60","name":"TALLER - Manuel Raposo","isPartOf":{"@id":"https:\/\/www.manuelraposo.es\/#website"},"datePublished":"2020-05-10T15:28:50+00:00","dateModified":"2022-12-14T13:31:53+00:00","breadcrumb":{"@id":"https:\/\/www.manuelraposo.es\/?page_id=60#breadcrumb"},"inLanguage":"es","potentialAction":[{"@type":"ReadAction","target":["https:\/\/www.manuelraposo.es\/?page_id=60"]}]},{"@type":"BreadcrumbList","@id":"https:\/\/www.manuelraposo.es\/?page_id=60#breadcrumb","itemListElement":[{"@type":"ListItem","position":1,"name":"Portada","item":"https:\/\/www.manuelraposo.es\/"},{"@type":"ListItem","position":2,"name":"TALLER"}]},{"@type":"WebSite","@id":"https:\/\/www.manuelraposo.es\/#website","url":"https:\/\/www.manuelraposo.es\/","name":"Manuel Raposo","description":"Crear no es dif&iacute;cil, lo complejo es controlar las emociones","publisher":{"@id":"https:\/\/www.manuelraposo.es\/#organization"},"potentialAction":[{"@type":"SearchAction","target":{"@type":"EntryPoint","urlTemplate":"https:\/\/www.manuelraposo.es\/?s={search_term_string}"},"query-input":"required name=search_term_string"}],"inLanguage":"es"},{"@type":"Organization","@id":"https:\/\/www.manuelraposo.es\/#organization","name":"Manuel Raposo","url":"https:\/\/www.manuelraposo.es\/","logo":{"@type":"ImageObject","inLanguage":"es","@id":"https:\/\/www.manuelraposo.es\/#\/schema\/logo\/image\/","url":"https:\/\/www.manuelraposo.es\/wp-content\/uploads\/2020\/05\/Titulo-portada-5.png","contentUrl":"https:\/\/www.manuelraposo.es\/wp-content\/uploads\/2020\/05\/Titulo-portada-5.png","width":3508,"height":1259,"caption":"Manuel Raposo"},"image":{"@id":"https:\/\/www.manuelraposo.es\/#\/schema\/logo\/image\/"}}]}},"_links":{"self":[{"href":"https:\/\/www.manuelraposo.es\/index.php?rest_route=\/wp\/v2\/pages\/60"}],"collection":[{"href":"https:\/\/www.manuelraposo.es\/index.php?rest_route=\/wp\/v2\/pages"}],"about":[{"href":"https:\/\/www.manuelraposo.es\/index.php?rest_route=\/wp\/v2\/types\/page"}],"author":[{"embeddable":true,"href":"https:\/\/www.manuelraposo.es\/index.php?rest_route=\/wp\/v2\/users\/1"}],"replies":[{"embeddable":true,"href":"https:\/\/www.manuelraposo.es\/index.php?rest_route=%2Fwp%2Fv2%2Fcomments&post=60"}],"version-history":[{"count":56,"href":"https:\/\/www.manuelraposo.es\/index.php?rest_route=\/wp\/v2\/pages\/60\/revisions"}],"predecessor-version":[{"id":1116,"href":"https:\/\/www.manuelraposo.es\/index.php?rest_route=\/wp\/v2\/pages\/60\/revisions\/1116"}],"wp:attachment":[{"href":"https:\/\/www.manuelraposo.es\/index.php?rest_route=%2Fwp%2Fv2%2Fmedia&parent=60"}],"curies":[{"name":"wp","href":"https:\/\/api.w.org\/{rel}","templated":true}]}}